{"id":36,"date":"2022-05-03T14:43:15","date_gmt":"2022-05-03T17:43:15","guid":{"rendered":"http:\/\/funcelfa.com.br\/?page_id=36"},"modified":"2023-06-11T14:03:04","modified_gmt":"2023-06-11T17:03:04","slug":"como-doar","status":"publish","type":"page","link":"https:\/\/funcelfa.com.br\/index.php\/como-doar\/","title":{"rendered":"Como Doar?"},"content":{"rendered":"\t\t<div data-elementor-type=\"wp-page\" data-elementor-id=\"36\" class=\"elementor elementor-36\" data-elementor-post-type=\"page\">\n\t\t\t\t\t\t<section class=\"elementor-section elementor-top-section elementor-element elementor-element-480f8942 elementor-section-boxed elementor-section-height-default elementor-section-height-default\" data-id=\"480f8942\" data-element_type=\"section\" data-e-type=\"section\">\n\t\t\t\t\t\t<div class=\"elementor-container elementor-column-gap-default\">\n\t\t\t\t\t<div class=\"elementor-column elementor-col-100 elementor-top-column elementor-element elementor-element-3dd3e3de\" data-id=\"3dd3e3de\" data-element_type=\"column\" data-e-type=\"column\">\n\t\t\t<div class=\"elementor-widget-wrap elementor-element-populated\">\n\t\t\t\t\t\t<div class=\"elementor-element elementor-element-3bf08def elementor-widget elementor-widget-text-editor\" data-id=\"3bf08def\" data-element_type=\"widget\" data-e-type=\"widget\" data-widget_type=\"text-editor.default\">\n\t\t\t\t<div class=\"elementor-widget-container\">\n\t\t\t\t\t\t\t\t\t<p><img fetchpriority=\"high\" decoding=\"async\" data-recalc-dims=\"1\" class=\"alignnone wp-image-122 size-large\" src=\"https:\/\/i0.wp.com\/funcelfa.com.br\/wp-content\/uploads\/2022\/05\/IMG_4789-2.jpg?resize=790%2C496\" alt=\"\" width=\"790\" height=\"496\" srcset=\"https:\/\/i0.wp.com\/funcelfa.com.br\/wp-content\/uploads\/2022\/05\/IMG_4789-2.jpg?w=1488&amp;ssl=1 1488w, https:\/\/i0.wp.com\/funcelfa.com.br\/wp-content\/uploads\/2022\/05\/IMG_4789-2.jpg?resize=300%2C188&amp;ssl=1 300w, https:\/\/i0.wp.com\/funcelfa.com.br\/wp-content\/uploads\/2022\/05\/IMG_4789-2.jpg?resize=1024%2C643&amp;ssl=1 1024w, https:\/\/i0.wp.com\/funcelfa.com.br\/wp-content\/uploads\/2022\/05\/IMG_4789-2.jpg?resize=768%2C482&amp;ssl=1 768w, https:\/\/i0.wp.com\/funcelfa.com.br\/wp-content\/uploads\/2022\/05\/IMG_4789-2.jpg?resize=96%2C60&amp;ssl=1 96w\" sizes=\"(max-width: 790px) 100vw, 790px\" \/><\/p>\n<p><\/p>\n<p><span style=\"vertical-align: inherit;\"><span style=\"vertical-align: inherit;\">Os interessados em realizar doa\u00e7\u00f5es financeiras \u00e0 Funcelfa, podem fazer dep\u00f3sitos ou transfer\u00eancias banc\u00e1rias:<\/span><\/span><\/p>\n<p>Banco do Brasil<\/p>\n<p><strong> Ag\u00eancia: 0365-4<\/strong><\/p>\n<p><strong>Conta Corrente: 34713-2<\/strong><\/p>\n<p><strong>CNPJ 171050080001-15 &#8211; Funda\u00e7\u00e3o Comunit\u00e1ria Fabricianence<\/strong><\/p>\n<p><span style=\"vertical-align: inherit;\"><span style=\"vertical-align: inherit;\">Localizada na rua <\/span><\/span><strong><span style=\"vertical-align: inherit;\"><span style=\"vertical-align: inherit;\">Melvin Jones, 352, no bairro Morada do Vale, em Coronel Fabriciano<\/span><\/span><\/strong><span style=\"vertical-align: inherit;\"><span style=\"vertical-align: inherit;\"> , a entidade tamb\u00e9m aceita a entrega de doa\u00e7\u00f5es.&nbsp;<\/span><\/span><\/p><p><span style=\"vertical-align: inherit;\"><span style=\"vertical-align: inherit;\">Para doar pessoalmente basta entrar em contato pelo telefone: <b>(31) 3842- 7188<\/b><\/span><\/span><\/p>\t\t\t\t\t\t\t\t<\/div>\n\t\t\t\t<\/div>\n\t\t\t\t\t<\/div>\n\t\t<\/div>\n\t\t\t\t\t<\/div>\n\t\t<\/section>\n\t\t\t\t<\/div>\n\t\t","protected":false},"excerpt":{"rendered":"<p>Os interessados em realizar doa\u00e7\u00f5es financeiras \u00e0 Funcelfa, podem fazer dep\u00f3sitos ou transfer\u00eancias banc\u00e1rias: Banco do Brasil Ag\u00eancia: 0365-4 Conta Corrente: 34713-2 CNPJ 171050080001-15 &#8211; Funda\u00e7\u00e3o Comunit\u00e1ria Fabricianence Localizada na rua Melvin Jones, 352, no bairro Morada do Vale, em Coronel Fabriciano , a entidade tamb\u00e9m aceita a entrega de doa\u00e7\u00f5es.&nbsp; Para doar pessoalmente basta &hellip; <\/p>\n","protected":false},"author":1,"featured_media":0,"parent":0,"menu_order":0,"comment_status":"closed","ping_status":"closed","template":"","meta":{"_joinchat":{"telephone":"+553138427188"},"footnotes":""},"class_list":["post-36","page","type-page","status-publish","hentry","latest_post"],"jetpack_sharing_enabled":true,"_links":{"self":[{"href":"https:\/\/funcelfa.com.br\/index.php\/wp-json\/wp\/v2\/pages\/36","targetHints":{"allow":["GET"]}}],"collection":[{"href":"https:\/\/funcelfa.com.br\/index.php\/wp-json\/wp\/v2\/pages"}],"about":[{"href":"https:\/\/funcelfa.com.br\/index.php\/wp-json\/wp\/v2\/types\/page"}],"author":[{"embeddable":true,"href":"https:\/\/funcelfa.com.br\/index.php\/wp-json\/wp\/v2\/users\/1"}],"replies":[{"embeddable":true,"href":"https:\/\/funcelfa.com.br\/index.php\/wp-json\/wp\/v2\/comments?post=36"}],"version-history":[{"count":8,"href":"https:\/\/funcelfa.com.br\/index.php\/wp-json\/wp\/v2\/pages\/36\/revisions"}],"predecessor-version":[{"id":311,"href":"https:\/\/funcelfa.com.br\/index.php\/wp-json\/wp\/v2\/pages\/36\/revisions\/311"}],"wp:attachment":[{"href":"https:\/\/funcelfa.com.br\/index.php\/wp-json\/wp\/v2\/media?parent=36"}],"curies":[{"name":"wp","href":"https:\/\/api.w.org\/{rel}","templated":true}]}}